{"id":17572,"date":"2022-03-28T23:03:21","date_gmt":"2022-03-28T20:03:21","guid":{"rendered":"https:\/\/lindenclinics.com\/acik-pozisyonlar\/"},"modified":"2026-03-11T00:10:33","modified_gmt":"2026-03-10T21:10:33","slug":"pozitii-deschise","status":"publish","type":"page","link":"https:\/\/lindenclinics.com\/ro\/pozitii-deschise\/","title":{"rendered":"Pozi\u021bii deschise"},"content":{"rendered":"\t\t<div data-elementor-type=\"wp-page\" data-elementor-id=\"17572\" class=\"elementor elementor-17572 elementor-4898\" data-elementor-post-type=\"page\">\n\t\t\t\t\t\t<section class=\"elementor-section elementor-top-section elementor-element elementor-element-2aac759 elementor-section-boxed elementor-section-height-default elementor-section-height-default\" data-id=\"2aac759\" data-element_type=\"section\" data-e-type=\"section\" data-settings=\"{&quot;background_background&quot;:&quot;classic&quot;}\">\n\t\t\t\t\t\t<div class=\"elementor-container elementor-column-gap-default\">\n\t\t\t\t\t<div class=\"elementor-column elementor-col-100 elementor-top-column elementor-element elementor-element-773810d\" data-id=\"773810d\" data-element_type=\"column\" data-e-type=\"column\">\n\t\t\t<div class=\"elementor-widget-wrap elementor-element-populated\">\n\t\t\t\t\t\t<div class=\"elementor-element elementor-element-5de77e8c elementor-widget elementor-widget-pix-button\" data-id=\"5de77e8c\" data-element_type=\"widget\" data-e-type=\"widget\" data-widget_type=\"pix-button.default\">\n\t\t\t\t<div class=\"elementor-widget-container\">\n\t\t\t\t\t<a  href=\"\/kariyer\" class=\"btn m-0      btn-link text-gray-5 d-inline-flex align-items-center pix-hover-item  no-padding     animate-in btn-normal\"   data-anim-type=\"fade-in-right\" data-anim-delay=\"\" ><svg class=\"pixfort-icon font-weight-bold  pix-hover-left  mr-2\" width=\"24\" height=\"24\"  data-name=\"Line\/pixfort-icon-arrow-left-circle-2\" viewBox=\"2 2 20 20\"><path fill=\"none\" stroke=\"var(--pf-icon-color)\" stroke-linecap=\"round\" stroke-linejoin=\"round\" stroke-width=\"var(--pf-icon-stroke-width)\" d=\"M12,21 C16.9705627,21 21,16.9705627 21,12 C21,7.02943725 16.9705627,3 12,3 C7.02943725,3 3,7.02943725 3,12 C3,16.9705627 7.02943725,21 12,21 Z M10.5,8 L14.5,12 L10.5,16\" transform=\"matrix(-1 0 0 1 24 0)\"\/><\/svg><span class=\"font-weight-bold \" >\u00cenapoi la pagina Carierei<\/span><\/a>\t\t\t\t<\/div>\n\t\t\t\t<\/div>\n\t\t\t\t<div class=\"elementor-element elementor-element-8bcef40 elementor-invisible elementor-widget elementor-widget-pix-heading\" data-id=\"8bcef40\" data-element_type=\"widget\" data-e-type=\"widget\" data-widget_type=\"pix-heading.default\">\n\t\t\t\t<div class=\"elementor-widget-container\">\n\t\t\t\t\t<div  class=\"pix-heading-el text-left \"><div class=\"d-inline-block\" style=\"max-width:750px;\"><h4 class=\"text-heading-default font-weight-bold h4 animate-in heading-text el-title_custom_color mb-12\" style=\"\" data-anim-type=\"fade-in-up\" data-anim-delay=\"200\">Cerere de angajare<\/h4><\/div><\/div>\t\t\t\t<\/div>\n\t\t\t\t<\/div>\n\t\t\t\t<div class=\"elementor-element elementor-element-4120f03 elementor-widget__width-auto elementor-invisible elementor-widget elementor-widget-pix-badge\" data-id=\"4120f03\" data-element_type=\"widget\" data-e-type=\"widget\" data-widget_type=\"pix-badge.default\">\n\t\t\t\t<div class=\"elementor-widget-container\">\n\t\t\t\t\t<span class=\"pix-badge-element h6 d-inline-flex mr-1 animate-in\" data-anim-type=\"pix-3d-right-in\" data-anim-delay=\"300\"><span class=\"badge font-weight-bold secondary-font badge-pill  bg-secondary-light  \" style=\" \"><span class=\"text-secondary\" style=\"\">Istanbul - Biroul Atakoy<\/span><\/span><\/span>\t\t\t\t<\/div>\n\t\t\t\t<\/div>\n\t\t\t\t<div class=\"elementor-element elementor-element-e3dbc19 elementor-widget elementor-widget-spacer\" data-id=\"e3dbc19\" data-element_type=\"widget\" data-e-type=\"widget\" data-widget_type=\"spacer.default\">\n\t\t\t\t<div class=\"elementor-widget-container\">\n\t\t\t\t\t\t\t<div class=\"elementor-spacer\">\n\t\t\t<div class=\"elementor-spacer-inner\"><\/div>\n\t\t<\/div>\n\t\t\t\t\t\t<\/div>\n\t\t\t\t<\/div>\n\t\t\t\t<div class=\"elementor-element elementor-element-284f9f6 elementor-widget elementor-widget-pix-heading\" data-id=\"284f9f6\" data-element_type=\"widget\" data-e-type=\"widget\" data-widget_type=\"pix-heading.default\">\n\t\t\t\t<div class=\"elementor-widget-container\">\n\t\t\t\t\t<div  class=\"pix-heading-el text-left \"><div class=\"d-inline-block\" style=\"max-width:750px;\"><h6 class=\"text-heading-default font-weight-bold h6 heading-text el-title_custom_color mb-12\" style=\"\" data-anim-type=\"\" data-anim-delay=\"\">Despre compania noastr\u0103<\/h6><\/div><\/div>\t\t\t\t<\/div>\n\t\t\t\t<\/div>\n\t\t\t\t<div class=\"elementor-element elementor-element-25b6951 elementor-widget elementor-widget-pix-text\" data-id=\"25b6951\" data-element_type=\"widget\" data-e-type=\"widget\" data-widget_type=\"pix-text.default\">\n\t\t\t\t<div class=\"elementor-widget-container\">\n\t\t\t\t\t<div class=\"pix-el-text w-100 text-left \" ><p class=\"resp-option text-left \"><p>Linden Health, \u0130stanbul, T\u00fcrkiye merkezli bir t\u0131bbi seyahat \u015firketidir. \u0130yile\u015fmeye ihtiyac\u0131 olan herkese uzman, tam ki\u015fi bak\u0131m\u0131 sa\u011flamak.<br \/><br \/>Amac\u0131m\u0131z, d\u00fcnya standartlar\u0131nda sa\u011fl\u0131k hizmeti deneyimlerinden yararlanarak uluslararas\u0131 hastalar\u0131m\u0131za son teknoloji hizmetler sunmakt\u0131r. Linden Health&#8217;in Y\u00f6netim Kurulu, 2010 y\u0131l\u0131ndan bu yana Orta Do\u011fu, ABD ve Do\u011fu ve Orta Avrupa&#8217;da yeni hastane operasyonlar\u0131n\u0131n kurulmas\u0131 ve kurulmas\u0131 da dahil olmak \u00fczere uluslararas\u0131 sa\u011fl\u0131k projelerine sahiptir.<\/p><\/p><\/div>\t\t\t\t<\/div>\n\t\t\t\t<\/div>\n\t\t\t\t<div class=\"elementor-element elementor-element-b023e43 elementor-widget elementor-widget-pix-text\" data-id=\"b023e43\" data-element_type=\"widget\" data-e-type=\"widget\" data-widget_type=\"pix-text.default\">\n\t\t\t\t<div class=\"elementor-widget-container\">\n\t\t\t\t\t<div class=\"pix-el-text w-100 text-left \" ><p class=\"resp-option text-left \"><p>Linden kliniklerinin birincil de\u011feri &#8222;Hastan\u0131n ihtiya\u00e7lar\u0131 her \u015feyden \u00f6nce gelir&#8221;dir.<br \/><br \/>Linden Health&#8217;in misyonu, hastalar kendi \u00fclkelerindeyken tedavi s\u00fcrecini ba\u015flatarak ve \u00fclkelerine d\u00f6nd\u00fckten sonra da disiplinli bir \u015fekilde takiplerini s\u00fcrd\u00fcrerek T\u00fcrkiye&#8217;de en iyi hizmeti sunarak entegre klinik uygulama yoluyla umut a\u015f\u0131lamak ve sa\u011fl\u0131\u011f\u0131 te\u015fvik etmektir. Empati, Linden Kliniklerinin anla\u015f\u0131lmas\u0131nda kritik bir kelimedir, sadece hastay\u0131 iyile\u015ftirmekle kalmaz, ayn\u0131 zamanda s\u00fcre\u00e7 boyunca hastayla birlikte ac\u0131 \u00e7ekmek de \u00f6nemlidir. Bilgi dikte eden sa\u011fl\u0131k uzman\u0131ndan ziyade hastayla ortak olun.<\/p><p>Uzun vadeli vizyon, sa\u011fl\u0131k hizmeti sunumunu optimize ederek ve zamanla k\u00fcresel bir otorite haline gelerek bak\u0131ma muhta\u00e7 d\u00fcnyadaki t\u00fcm insanlarla ba\u011flant\u0131 kurmak ve onlar\u0131 tedavi etmektir. \u0130nsanlar\u0131n y\u00fcksek kaliteli sa\u011fl\u0131k hizmetlerine eri\u015fimine m\u00fckellef taraf\u0131ndan getirilen s\u0131n\u0131rlamalarla s\u0131n\u0131rland\u0131r\u0131lan geleneksel sa\u011fl\u0131k hizmeti sunum sistemini d\u00f6n\u00fc\u015ft\u00fcrmek.<br \/><br \/>Linden Health, \u0130stanbul&#8217;da zay\u0131flama ameliyatlar\u0131, di\u015f tedavisi, sa\u00e7 ekimi, t\u00fcp bebek (IVF), buhar h\u00fccresi tedavisi ve g\u00f6z cerrahisi hizmetlerini \u00f6zenle se\u00e7ilmi\u015f ve d\u00fczenli olarak de\u011ferlendirilmi\u015f anla\u015fmal\u0131 cerrahlar\u0131 ile sadece uluslararas\u0131 akredite hastanelerde vermektedir.<\/p><\/p><\/div>\t\t\t\t<\/div>\n\t\t\t\t<\/div>\n\t\t\t\t<div class=\"elementor-element elementor-element-c84f0c4 elementor-widget elementor-widget-pix-heading\" data-id=\"c84f0c4\" data-element_type=\"widget\" data-e-type=\"widget\" data-widget_type=\"pix-heading.default\">\n\t\t\t\t<div class=\"elementor-widget-container\">\n\t\t\t\t\t<div  class=\"pix-heading-el text-left \"><div class=\"d-inline-block\" style=\"max-width:750px;\"><h6 class=\"text-heading-default font-weight-bold h6 heading-text el-title_custom_color mb-12\" style=\"\" data-anim-type=\"\" data-anim-delay=\"\">Formular de cerere<\/h6><\/div><\/div>\t\t\t\t<\/div>\n\t\t\t\t<\/div>\n\t\t\t\t<div class=\"elementor-element elementor-element-c1bf61e elementor-widget elementor-widget-pix-text\" data-id=\"c1bf61e\" data-element_type=\"widget\" data-e-type=\"widget\" data-widget_type=\"pix-text.default\">\n\t\t\t\t<div class=\"elementor-widget-container\">\n\t\t\t\t\t<div class=\"pix-el-text w-100 text-left \" ><p class=\"resp-option text-left \"><div class='fluentform ff-default fluentform_wrapper_19 ffs_custom_wrap'><form data-form_id=\"19\" id=\"fluentform_19\" class=\"frm-fluent-form fluent_form_19 ff-el-form-top ff_form_instance_19_1 ff-form-loading ffs_custom\" data-form_instance=\"ff_form_instance_19_1\" method=\"POST\" ><fieldset  style=\"border: none!important;margin: 0!important;padding: 0!important;background-color: transparent!important;box-shadow: none!important;outline: none!important; min-inline-size: 100%;\">\n                    <legend class=\"ff_screen_reader_title\" style=\"display: block; margin: 0!important;padding: 0!important;height: 0!important;text-indent: -999999px;width: 0!important;overflow:hidden;\">\u0130\u015f Ba\u015fvuru Formu<\/legend><p style=\"display: none !important;\" class=\"akismet-fields-container\" data-prefix=\"ak_\"><label>&#916;<textarea name=\"ak_hp_textarea\" cols=\"45\" rows=\"8\" maxlength=\"100\"><\/textarea><\/label><input type=\"hidden\" id=\"ak_js_1\" name=\"ak_js\" value=\"205\"\/><script>document.getElementById( \"ak_js_1\" ).setAttribute( \"value\", ( new Date() ).getTime() );<\/script><\/p>        <div\n                style=\"display: none!important; position: absolute!important; transform: translateX(1000%)!important;\"\n                class=\"ff-el-group ff-hpsf-container\"\n        >\n            <div class=\"ff-el-input--label asterisk-right\">\n                <label for=\"ff_19_item_sf\" aria-label=\"Notify\">\n                    Notify                <\/label>\n            <\/div>\n            <div class=\"ff-el-input--content\">\n                <input type=\"text\"\n                       name=\"item_19__fluent_sf\"\n                       class=\"ff-el-form-control\"\n                       id=\"ff_19_item_sf\"\n                \/>\n            <\/div>\n        <\/div>\n                <input type=\"hidden\" id=\"__fluent_protection_token_19\" class=\"fluent-form-token-field\" name=\"__fluent_protection_token_19\">\n        <input type='hidden' name='__fluent_form_embded_post_id' value='17572' \/><input type=\"hidden\" id=\"_fluentform_19_fluentformnonce\" name=\"_fluentform_19_fluentformnonce\" value=\"dea2aac197\" \/><input type=\"hidden\" name=\"_wp_http_referer\" value=\"\/ro\/wp-json\/wp\/v2\/pages\/17572\" \/><div data-name=\"ff_cn_id_1\"  class='ff-t-container ff-column-container ff_columns_total_2 '><div class='ff-t-cell ff-t-column-1' style='flex-basis: 50%;'><div data-type=\"name-element\" data-name=\"names\" class=\" ff-field_container ff-name-field-wrapper\" ><div class='ff-t-container'><div class='ff-t-cell '><div class='ff-el-group'><div class=\"ff-el-input--label ff-el-is-required asterisk-right\"><label for='ff_19_names_first_name_' id='label_ff_19_names_first_name_' >Numele \u0219i prenumele dumneavoastr\u0103<\/label><\/div><div class='ff-el-input--content'><input type=\"text\" name=\"names[first_name]\" id=\"ff_19_names_first_name_\" class=\"ff-el-form-control\" placeholder=\"Numele \u0219i prenumele dumneavoastr\u0103\" aria-invalid=\"false\" aria-required=true><\/div><\/div><\/div><\/div><\/div><\/div><div class='ff-t-cell ff-t-column-2' style='flex-basis: 50%;'><div class='ff-el-group'><div class=\"ff-el-input--label ff-el-is-required asterisk-right\"><label for='ff_19_email' id='label_ff_19_email' aria-label=\"E-mail\">E-mail<\/label><\/div><div class='ff-el-input--content'><input type=\"email\" name=\"email\" id=\"ff_19_email\" class=\"ff-el-form-control\" placeholder=\"Adresa dvs. de e-mail\" data-name=\"email\"  aria-invalid=\"false\" aria-required=true><\/div><\/div><\/div><\/div><div class='ff-el-group'><div class=\"ff-el-input--label ff-el-is-required asterisk-right\"><label for='ff_19_description' id='label_ff_19_description' aria-label=\"Copert\u0103 Scrisoare\">Copert\u0103 Scrisoare<\/label><\/div><div class='ff-el-input--content'><textarea aria-required=\"true\" aria-labelledby=\"label_ff_19_description\" name=\"description\" id=\"ff_19_description\" class=\"ff-el-form-control\" placeholder=\"Copert\u0103 Scrisoare\" rows=\"6\" cols=\"2\" data-name=\"description\" ><\/textarea><\/div><\/div><div data-name=\"ff_cn_id_2\"  class='ff-t-container ff-column-container ff_columns_total_2 '><div class='ff-t-cell ff-t-column-1' style='flex-basis: 50%;'><div class='ff-el-group'><div class=\"ff-el-input--label ff-el-is-required asterisk-right\"><label for='ff_19_file-upload_1' id='label_ff_19_file-upload_1' aria-label=\"Copert\u0103 Scrisoare\">Copert\u0103 Scrisoare<\/label><\/div><div class='ff-el-input--content'><label for='ff_19_file-upload_1' class='ff_file_upload_holder'><span class='ff_upload_btn ff-btn' tabindex='0'>\u00cenc\u0103rca\u021bi CV-ul<\/span> <input type=\"file\" name=\"file-upload\" id=\"ff_19_file-upload_1\" class=\"ff-el-form-control  ff-screen-reader-element\" data-name=\"file-upload\" multiple=\"1\"  aria-invalid='false' aria-required=true><\/label><\/div><\/div><\/div><div class='ff-t-cell ff-t-column-2' style='flex-basis: 50%;'><div class='ff-el-group'><div class=\"ff-el-input--label ff-el-is-required asterisk-right\"><label for='ff_19_phone' id='label_ff_19_phone' aria-label=\"Num\u0103rul telefonic al t\u0103u\">Num\u0103rul telefonic al t\u0103u<\/label><\/div><div class='ff-el-input--content'><input name=\"phone\" class=\"ff-el-form-control ff-el-phone\" type=\"tel\" placeholder=\"Num\u0103rul telefonic al t\u0103u\" data-name=\"phone\" id=\"ff_19_phone\" inputmode=\"tel\"  aria-invalid='false' aria-required=true><\/div><\/div><\/div><\/div><div class='ff-el-group ff-text-left ff_submit_btn_wrapper'><button type=\"submit\" class=\"ff-btn ff-btn-submit ff-btn-md ff_btn_style\"  aria-label=\"Submit Form\">Submit Form<\/button><\/div><\/fieldset><\/form><div id='fluentform_19_errors' class='ff-errors-in-stack ff_form_instance_19_1 ff-form-loading_errors ff_form_instance_19_1_errors'><\/div><\/div>            <script type=\"text\/javascript\">\n                window.fluent_form_ff_form_instance_19_1 = {\"id\":\"19\",\"settings\":{\"layout\":{\"labelPlacement\":\"top\",\"helpMessagePlacement\":\"with_label\",\"errorMessagePlacement\":\"inline\"},\"restrictions\":{\"denyEmptySubmission\":{\"enabled\":false}}},\"form_instance\":\"ff_form_instance_19_1\",\"form_id_selector\":\"fluentform_19\",\"rules\":{\"names[first_name]\":{\"required\":{\"value\":true,\"message\":\"This field is required\",\"global_message\":\"This field is required\",\"global\":true}},\"names[middle_name]\":{\"required\":{\"value\":false,\"message\":\"This field is required\",\"global_message\":\"This field is required\",\"global\":true}},\"names[last_name]\":{\"required\":{\"value\":false,\"message\":\"This field is required\",\"global_message\":\"This field is required\",\"global\":true}},\"email\":{\"required\":{\"value\":true,\"message\":\"This field is required\",\"global_message\":\"This field is required\",\"global\":true},\"email\":{\"value\":true,\"message\":\"This field must contain a valid email\",\"global_message\":\"This field must contain a valid email\",\"global\":true}},\"description\":{\"required\":{\"value\":true,\"message\":\"This field is required\",\"global_message\":\"This field is required\",\"global\":true}},\"file-upload\":{\"required\":{\"value\":true,\"message\":\"This field is required\",\"global_message\":\"This field is required\",\"global\":true},\"max_file_size\":{\"value\":10485760,\"_valueFrom\":\"MB\",\"message\":\"Validation fails for maximum file size\",\"global_message\":\"Validation fails for maximum file size\",\"global\":true},\"max_file_count\":{\"value\":1,\"message\":\"Validation fails for maximum file count\",\"global_message\":\"Validation fails for maximum file count\",\"global\":true},\"allowed_file_types\":{\"value\":[\"pdf\",\"jpg|jpeg|gif|png|bmp\"],\"message\":\"Invalid file type\",\"global_message\":\"Allowed image types does not match\",\"global\":true}},\"phone\":{\"required\":{\"value\":true,\"global\":true,\"message\":\"This field is required\",\"global_message\":\"This field is required\"},\"valid_phone_number\":{\"value\":false,\"global\":true,\"message\":\"Phone number is not valid\",\"global_message\":\"Phone number is not valid\"}}},\"debounce_time\":300};\n                            <\/script>\n            <\/p><\/div>\t\t\t\t<\/div>\n\t\t\t\t<\/div>\n\t\t\t\t\t<\/div>\n\t\t<\/div>\n\t\t\t\t\t<\/div>\n\t\t<\/section>\n\t\t\t\t<\/div>\n\t\t","protected":false},"excerpt":{"rendered":"<p>\u00cenapoi la pagina Carierei Cerere de angajare Istanbul &#8211; Biroul Atakoy Despre compania noastr\u0103 Linden Health, \u0130stanbul, T\u00fcrkiye merkezli bir t\u0131bbi seyahat \u015firketidir. \u0130yile\u015fmeye ihtiyac\u0131 olan herkese uzman, tam ki\u015fi bak\u0131m\u0131 sa\u011flamak. Amac\u0131m\u0131z, d\u00fcnya standartlar\u0131nda sa\u011fl\u0131k hizmeti deneyimlerinden yararlanarak uluslararas\u0131&#8230;<\/p>\n","protected":false},"author":2,"featured_media":0,"parent":0,"menu_order":0,"comment_status":"closed","ping_status":"closed","template":"","meta":{"footnotes":""},"class_list":["post-17572","page","type-page","status-publish","hentry"],"_links":{"self":[{"href":"https:\/\/lindenclinics.com\/ro\/wp-json\/wp\/v2\/pages\/17572","targetHints":{"allow":["GET"]}}],"collection":[{"href":"https:\/\/lindenclinics.com\/ro\/wp-json\/wp\/v2\/pages"}],"about":[{"href":"https:\/\/lindenclinics.com\/ro\/wp-json\/wp\/v2\/types\/page"}],"author":[{"embeddable":true,"href":"https:\/\/lindenclinics.com\/ro\/wp-json\/wp\/v2\/users\/2"}],"replies":[{"embeddable":true,"href":"https:\/\/lindenclinics.com\/ro\/wp-json\/wp\/v2\/comments?post=17572"}],"version-history":[{"count":6,"href":"https:\/\/lindenclinics.com\/ro\/wp-json\/wp\/v2\/pages\/17572\/revisions"}],"predecessor-version":[{"id":38397,"href":"https:\/\/lindenclinics.com\/ro\/wp-json\/wp\/v2\/pages\/17572\/revisions\/38397"}],"wp:attachment":[{"href":"https:\/\/lindenclinics.com\/ro\/wp-json\/wp\/v2\/media?parent=17572"}],"curies":[{"name":"wp","href":"https:\/\/api.w.org\/{rel}","templated":true}]}}