{"id":28437,"date":"2024-12-04T16:35:24","date_gmt":"2024-12-04T13:35:24","guid":{"rendered":"https:\/\/lindenclinics.com\/cerez-politikasi\/"},"modified":"2025-12-02T11:43:38","modified_gmt":"2025-12-02T08:43:38","slug":"cerez-politikasi","status":"publish","type":"page","link":"https:\/\/lindenclinics.com\/tr\/cerez-politikasi\/","title":{"rendered":"\u00c7erez Politikas\u0131"},"content":{"rendered":"\t\t<div data-elementor-type=\"wp-page\" data-elementor-id=\"28437\" class=\"elementor elementor-28437 elementor-28435\" data-elementor-post-type=\"page\">\n\t\t\t\t<div class=\"elementor-element elementor-element-40f0b94f e-flex e-con-boxed e-con e-parent\" data-id=\"40f0b94f\" data-element_type=\"container\" data-e-type=\"container\" data-settings=\"{&quot;pix_scale_in&quot;:&quot;none&quot;}\">\n\t\t\t\t\t<div class=\"e-con-inner\">\n\t\t\t\t<div class=\"elementor-element elementor-element-2c05994c elementor-widget elementor-widget-text-editor\" data-id=\"2c05994c\" data-element_type=\"widget\" data-e-type=\"widget\" data-widget_type=\"text-editor.default\">\n\t\t\t\t<div class=\"elementor-widget-container\">\n\t\t\t\t\t\t\t\t\t\n<p>Son G\u00fcncelleme 23.11.2024<\/p>\n\n<p id=\"block-ceebe7f4-2787-4d8e-b4f2-bee3e1e40158\">Bu \u00e7erez bildirimi <a href=\"http:\/\/www.lindenclinics.com\">www.lindenclinics.com<\/a> adresini ziyaret eden ve kullanan ki\u015fileri bilgilendirmek amac\u0131yla haz\u0131rlanm\u0131\u015ft\u0131r.<\/p>\n\n<p id=\"block-cf6c2ea5-f0a6-438a-8084-8cf248f11855\"><strong>\u00c7erez nedir?<\/strong><\/p>\n\n<p id=\"block-7ecd2834-b7a5-4502-9176-b71dfa2170f1\">\u00c7erezler, bir web sitesini ziyaret etti\u011finizde bilgisayar\u0131n\u0131zda veya mobil cihaz\u0131n\u0131zda depolanan ve s\u00f6z konusu cihaz\u0131n tan\u0131mlanmas\u0131n\u0131 sa\u011flayan, \u00e7o\u011funlukla harf veya rakamlardan olu\u015fan k\u00fc\u00e7\u00fck metin dosyalar\u0131d\u0131r.<\/p>\n\n<p id=\"block-a7ab1ed4-1ccc-4ca1-b763-14c652f979f1\">Yukar\u0131da belirtilen adresin ziyaret\u00e7ileri ve kullan\u0131c\u0131lar\u0131 ile ilgili \u00e7erezleri i\u015flemekteyiz. Ancak adreslerde hem birinci parti \u00e7erezler (do\u011frudan bizim taraf\u0131m\u0131zdan yerle\u015ftirilen) hem de \u00fc\u00e7\u00fcnc\u00fc parti \u00e7erezler (bizim d\u0131\u015f\u0131m\u0131zdaki sunucular taraf\u0131ndan yerle\u015ftirilen) kullan\u0131lmaktad\u0131r. Kulland\u0131\u011f\u0131m\u0131z ve sorumlulu\u011funu \u00fcstlendi\u011fimiz birinci taraf \u00e7erez t\u00fcrleri a\u015fa\u011f\u0131daki gibidir:<\/p>\n\n<p id=\"block-20a73564-944f-4e25-b901-ce167b2b6eb2\">Zorunlu (Temel) \u00c7erezler: Adres \u00fczerinde yer alan fonksiyonlar\u0131n d\u00fczg\u00fcn bir \u015fekilde \u00e7al\u0131\u015fmas\u0131 ve adres \u00fczerinden sunulan hizmetin eksiksiz bir \u015fekilde yerine getirilmesi i\u00e7in zorunlu olan \u00e7erezlerdir. \u00d6rne\u011fin, adrese giri\u015f yapt\u0131\u011f\u0131n\u0131zda devreye giren kimlik do\u011frulama \u00e7erezleri, bir sayfadan di\u011ferine ge\u00e7ti\u011finizde aktif oturumunuzun devam etmesini sa\u011flar. Bu \u00e7erezlerin devre d\u0131\u015f\u0131 b\u0131rak\u0131lmas\u0131 fonksiyonlar\u0131n kullan\u0131lamaz hale gelmesine neden olabilir.<\/p>\n\n<p id=\"block-82e42d61-f394-4091-a9c9-defd4f2b15bf\">Kal\u0131c\u0131 \u00c7erezler: Adresin i\u015flevselli\u011fini art\u0131rmak ve ziyaret\u00e7ilerimize daha h\u0131zl\u0131 ve iyi bir hizmet sunmak amac\u0131yla kullan\u0131lan ve taray\u0131c\u0131lar vas\u0131tas\u0131yla taraf\u0131n\u0131zca silinene kadar veya son kullan\u0131m tarihine kadar ge\u00e7erlili\u011fini koruyan \u00e7erezlerdir. Bu t\u00fcr \u00e7erezler tercihlerinizi hat\u0131rlamak ve kullan\u0131m\u0131n\u0131z\u0131 ki\u015fiselle\u015ftirmek i\u00e7in kullan\u0131l\u0131r. Bu \u00e7erezler, kullan\u0131m \u015fifrenizi kaydeden ve kal\u0131c\u0131 olarak oturum a\u00e7man\u0131z\u0131 sa\u011flayan, b\u00f6ylece sizi her ziyaretinizde \u015fifrenizi birden \u00e7ok kez girme zahmetinden kurtaran \u00e7erezleri ve sonraki ziyaretlerinizde adresinizi hat\u0131rlayan ve tan\u0131yan \u00e7erezleri i\u00e7erir.<\/p>\n\n<p id=\"block-876cfa7e-d80e-480f-9357-213b02595307\">\u0130\u015flevsel ve Analitik \u00c7erezler: Adrese nereden ba\u011fland\u0131\u011f\u0131n\u0131z, hangi i\u00e7eri\u011fi g\u00f6r\u00fcnt\u00fcledi\u011finiz ve ziyaretinizin s\u00fcresi gibi adresi nas\u0131l kulland\u0131\u011f\u0131n\u0131z\u0131 belirlemek i\u00e7in kullan\u0131lan \u00e7erezlerdir.<\/p>\n\n<p id=\"block-4e8a3330-fb5a-4e70-a5e5-ccfa8ec9ff4f\"><strong>Hangi \u00c7erezler Hangi Ama\u00e7larla Kullan\u0131lmaktad\u0131r?<\/strong><\/p>\n\n<p id=\"block-7782e755-aa16-4b69-b9f2-bb74a885978e\">L\u0130NDEN HEALTH GROUP SA\u011eLIK TUR\u0130ZM olarak yukar\u0131da belirtilen adreslerde a\u015fa\u011f\u0131da belirtilen ama\u00e7larla s\u0131n\u0131rl\u0131 olmak kayd\u0131yla \u00c7erez Bildirimi&#8217;ne konu adreslerde \u00e7erez verilerini i\u015flemekteyiz:<\/p>\n\n<ul id=\"block-322a97dc-8f30-47d8-ac14-c9a556a45c0f\" class=\"wp-block-list\">\n<li>Adresin \u00e7al\u0131\u015fmas\u0131 i\u00e7in gerekli temel i\u015flevleri yerine getirmek,<\/li>\n\n<li>Adresi analiz edin ve performans\u0131n\u0131 iyile\u015ftirin.<\/li>\n<\/ul>\n\n<p id=\"block-26066ddc-1720-4e7c-a234-79678dc8b500\"><strong>\u00c7erezlerin kullan\u0131m\u0131n\u0131 nas\u0131l kontrol edebilirsiniz?<\/strong><\/p>\n\n<p>Adresimizi ziyaret etmek ve kullanmak i\u00e7in \u00e7erezleri i\u015flemek zorunlu de\u011fildir; taray\u0131c\u0131 ayarlar\u0131n\u0131z\u0131 de\u011fi\u015ftirerek \u00e7erezlere ili\u015fkin tercihlerinizi ki\u015fiselle\u015ftirme imk\u00e2n\u0131na sahipsiniz. Taray\u0131c\u0131n\u0131z\u0131 \u00e7erezleri engelleyecek \u015fekilde ayarlaman\u0131z halinde adresleri kullanmaya devam edebilirsiniz; ancak adresler \u00fczerindeki t\u00fcm fonksiyonlara eri\u015fiminiz s\u0131n\u0131rl\u0131 olabilir ve kullan\u0131c\u0131 deneyiminizin kalitesi d\u00fc\u015febilir.<\/p>\n\t\t\t\t\t\t\t\t<\/div>\n\t\t\t\t<\/div>\n\t\t\t\t\t<\/div>\n\t\t\t\t<\/div>\n\t\t\t\t<\/div>\n\t\t","protected":false},"excerpt":{"rendered":"<p>Son G\u00fcncelleme 23.11.2024 Bu \u00e7erez bildirimi www.lindenclinics.com adresini ziyaret eden ve kullanan ki\u015fileri bilgilendirmek amac\u0131yla haz\u0131rlanm\u0131\u015ft\u0131r. \u00c7erez nedir? \u00c7erezler, bir web sitesini ziyaret etti\u011finizde bilgisayar\u0131n\u0131zda veya mobil cihaz\u0131n\u0131zda depolanan ve s\u00f6z konusu cihaz\u0131n tan\u0131mlanmas\u0131n\u0131 sa\u011flayan, \u00e7o\u011funlukla harf veya rakamlardan olu\u015fan&#8230;<\/p>\n","protected":false},"author":2,"featured_media":0,"parent":0,"menu_order":0,"comment_status":"closed","ping_status":"closed","template":"","meta":{"footnotes":""},"class_list":["post-28437","page","type-page","status-publish","hentry"],"_links":{"self":[{"href":"https:\/\/lindenclinics.com\/tr\/wp-json\/wp\/v2\/pages\/28437","targetHints":{"allow":["GET"]}}],"collection":[{"href":"https:\/\/lindenclinics.com\/tr\/wp-json\/wp\/v2\/pages"}],"about":[{"href":"https:\/\/lindenclinics.com\/tr\/wp-json\/wp\/v2\/types\/page"}],"author":[{"embeddable":true,"href":"https:\/\/lindenclinics.com\/tr\/wp-json\/wp\/v2\/users\/2"}],"replies":[{"embeddable":true,"href":"https:\/\/lindenclinics.com\/tr\/wp-json\/wp\/v2\/comments?post=28437"}],"version-history":[{"count":0,"href":"https:\/\/lindenclinics.com\/tr\/wp-json\/wp\/v2\/pages\/28437\/revisions"}],"wp:attachment":[{"href":"https:\/\/lindenclinics.com\/tr\/wp-json\/wp\/v2\/media?parent=28437"}],"curies":[{"name":"wp","href":"https:\/\/api.w.org\/{rel}","templated":true}]}}