{"id":28439,"date":"2024-12-04T16:43:17","date_gmt":"2024-12-04T13:43:17","guid":{"rendered":"https:\/\/lindenclinics.com\/?page_id=28439"},"modified":"2025-12-02T11:47:32","modified_gmt":"2025-12-02T08:47:32","slug":"kullanim-kosullari","status":"publish","type":"page","link":"https:\/\/lindenclinics.com\/tr\/kullanim-kosullari\/","title":{"rendered":"Kullan\u0131m Ko\u015fullar\u0131"},"content":{"rendered":"\n<p>Son G\u00fcncelleme: 23.11.2024<\/p>\n\n\n\n<p>Kullan\u0131m Ko\u015fullar\u0131, L\u0130NDEN HEALTH GROUP SA\u011eLIK TUR\u0130ZM ve bunun \u00fczerinden sunulan \u00fcr\u00fcn ve hizmetlerin fikri hak sahiplerinin, kullan\u0131m hakk\u0131 sahiplerinin, kullan\u0131c\u0131lar\u0131n\u0131n ve ziyaret\u00e7ilerinin haklar\u0131n\u0131 konu edinmektedir. Bahsi ge\u00e7en . ziyaret\u00e7ileri ve kullan\u0131c\u0131lar\u0131, bu Kullan\u0131m Ko\u015fullar\u0131na uymakla y\u00fck\u00fcml\u00fc olduklar\u0131n\u0131 kabul ederler. Aksi durumda ilgili ki\u015filerin . eri\u015fimini derhal sonland\u0131rmalar\u0131 gerekmektedir.<\/p>\n\n\n\n<p><strong>Mahremiyet ve Ki\u015fisel Verilerin Korunmas\u0131:<\/strong><\/p>\n\n\n\n<p>Bahsi ge\u00e7en platform \u00fczerinden ki\u015fisel verileriniz i\u015flenir. Bu konuda ziyaret\u00e7iler ve kullan\u0131c\u0131lar i\u00e7in haz\u0131rlad\u0131\u011f\u0131m\u0131z Ayd\u0131nlatma Bildirimine istedi\u011finiz zaman eri\u015fim sa\u011flayabilirsiniz. Bu Bildirimi okumay\u0131 unutmay\u0131n\u0131z.<\/p>\n\n\n\n<p><strong>Fikri M\u00fclkiyet:<\/strong><\/p>\n\n\n\n<p>L\u0130NDEN HEALTH GROUP SA\u011eLIK TUR\u0130ZM ad\u0131na veya bu kurulu\u015f taraf\u0131ndan yay\u0131mlanan t\u00fcm metinler, kodlar, grafikler, logolar, g\u00f6rseller, markalar, patentler, tasar\u0131mlar ve di\u011fer t\u00fcm tescilli veya tescilsiz fikri m\u00fclkiyet haklar\u0131 ilgili t\u00fczel ki\u015fili\u011fe aittir. Bu materyallerin yaz\u0131l\u0131 izin olmadan \u00e7o\u011falt\u0131lmas\u0131 veya kopyalanmas\u0131 kesinlikle yasakt\u0131r.<\/p>\n\n\n\n<p><strong>Genel H\u00fck\u00fcmler:<\/strong><\/p>\n\n\n\n<p>Ziyaret\u00e7iler ve kullan\u0131c\u0131lar, websitesi kullan\u0131m\u0131n\u0131 yaln\u0131zca hukuka uygun ama\u00e7larla ger\u00e7ekle\u015ftireceklerini ve \u00fc\u00e7\u00fcnc\u00fc ki\u015filerin haklar\u0131na tecav\u00fcz te\u015fkil edecek nitelikteki herhangi bir faaliyette bulunmayacaklar\u0131n\u0131 kabul ederler. Ziyaret ve kullan\u0131m s\u00fcresince ger\u00e7ekle\u015ftirdikleri her t\u00fcr i\u015flem hakk\u0131nda hukuki ve cezai sorumluluk m\u00fcnferiden ziyaret\u00e7inin veya kullan\u0131c\u0131n\u0131n kendisine aittir.<\/p>\n\n\n\n<p><strong>Sorumlulu\u011fun S\u0131n\u0131rland\u0131r\u0131lmas\u0131:<\/strong><\/p>\n\n\n\n<p>Adreslerin kullan\u0131m\u0131ndan do\u011fan zararlara ili\u015fkin . sorumlulu\u011fu, kast ve a\u011f\u0131r ihmal ile s\u0131n\u0131rl\u0131d\u0131r.<\/p>\n\n\n\n<p><strong>Uyu\u015fmazl\u0131k \u00c7\u00f6z\u00fcm\u00fc:<\/strong><\/p>\n\n\n\n<p>Kullan\u0131m \u015eartlar\u0131n\u0131n uygulanmas\u0131ndan veya yorumlanmas\u0131ndan do\u011facak her t\u00fcrl\u00fc uyu\u015fmazl\u0131\u011f\u0131n \u00e7\u00f6z\u00fcm\u00fcnde, T\u00fcrk Hukuku uygulan\u0131r ve her t\u00fcrl\u00fc anla\u015fmazl\u0131klar\u0131n \u00e7\u00f6z\u00fcm\u00fcnde \u0130stanbul Anadolu mahkemeleri ve icra daireleri yetkilidir.<br><\/p>\n","protected":false},"excerpt":{"rendered":"<p>Son G\u00fcncelleme: 23.11.2024 Kullan\u0131m Ko\u015fullar\u0131, L\u0130NDEN HEALTH GROUP SA\u011eLIK TUR\u0130ZM ve bunun \u00fczerinden sunulan \u00fcr\u00fcn ve hizmetlerin fikri hak sahiplerinin, kullan\u0131m hakk\u0131 sahiplerinin, kullan\u0131c\u0131lar\u0131n\u0131n ve ziyaret\u00e7ilerinin haklar\u0131n\u0131 konu edinmektedir. Bahsi ge\u00e7en . ziyaret\u00e7ileri ve kullan\u0131c\u0131lar\u0131, bu Kullan\u0131m Ko\u015fullar\u0131na uymakla y\u00fck\u00fcml\u00fc&#8230;<\/p>\n","protected":false},"author":2,"featured_media":0,"parent":0,"menu_order":0,"comment_status":"closed","ping_status":"closed","template":"","meta":{"footnotes":""},"class_list":["post-28439","page","type-page","status-publish","hentry"],"_links":{"self":[{"href":"https:\/\/lindenclinics.com\/tr\/wp-json\/wp\/v2\/pages\/28439","targetHints":{"allow":["GET"]}}],"collection":[{"href":"https:\/\/lindenclinics.com\/tr\/wp-json\/wp\/v2\/pages"}],"about":[{"href":"https:\/\/lindenclinics.com\/tr\/wp-json\/wp\/v2\/types\/page"}],"author":[{"embeddable":true,"href":"https:\/\/lindenclinics.com\/tr\/wp-json\/wp\/v2\/users\/2"}],"replies":[{"embeddable":true,"href":"https:\/\/lindenclinics.com\/tr\/wp-json\/wp\/v2\/comments?post=28439"}],"version-history":[{"count":0,"href":"https:\/\/lindenclinics.com\/tr\/wp-json\/wp\/v2\/pages\/28439\/revisions"}],"wp:attachment":[{"href":"https:\/\/lindenclinics.com\/tr\/wp-json\/wp\/v2\/media?parent=28439"}],"curies":[{"name":"wp","href":"https:\/\/api.w.org\/{rel}","templated":true}]}}