{"id":28443,"date":"2024-12-04T16:51:33","date_gmt":"2024-12-04T13:51:33","guid":{"rendered":"https:\/\/lindenclinics.com\/?page_id=28443"},"modified":"2025-11-26T21:59:05","modified_gmt":"2025-11-26T18:59:05","slug":"6698-sk-kapsaminda-aydinlatma-bildirimi","status":"publish","type":"page","link":"https:\/\/lindenclinics.com\/tr\/6698-sk-kapsaminda-aydinlatma-bildirimi\/","title":{"rendered":"6698 SK Kapsam\u0131nda Ayd\u0131nlatma Bildirimi"},"content":{"rendered":"\n<p>Son G\u00fcncelleme: 23.11.2024<\/p>\n\n\n\n<p><strong>Veri Sorumlusu Kimli\u011fi:<\/strong><\/p>\n\n\n\n<p>L\u0130NDEN HEALTH GROUP SA\u011eLIK TUR\u0130ZM L\u0130M\u0130TED \u015e\u0130RKET\u0130<\/p>\n\n\n\n<p>TE\u015eV\u0130K\u0130YE MAH.HAKKI YETEN CAD.TERRACE FULYA CENTER 2 NO:13\/115 \u015e\u0130\u015eL\u0130 \u0130STANBUL<\/p>\n\n\n\n<p>\u0130\u015fbu ayd\u0131nlatma metni <a href=\"http:\/\/www.lindenclinics.com\">www.lindenclinics.com<\/a> adresini ziyaret eden ve kullanan ilgili ki\u015filerin ki\u015fisel verilerini konu edinmektedir.<\/p>\n\n\n\n<p><strong>Ki\u015fisel Verilerin Hangi Ama\u00e7la \u0130\u015flenece\u011fi:<\/strong><\/p>\n\n\n\n<p>www.lindenclinics.com adresi \u00fczerinden ki\u015fisel verileriniz \u015fu ama\u00e7larla i\u015flenir:<\/p>\n\n\n\n<ul class=\"wp-block-list\">\n<li>Taraf\u0131n\u0131zla ileti\u015fime ge\u00e7mek ve hizmetlerimiz hakk\u0131nda ilgi verebilmek.<\/li>\n<\/ul>\n\n\n\n<p><strong>Ki\u015fisel Verilerin Kimlere ve Hangi Ama\u00e7la Aktar\u0131labilece\u011fi:<\/strong><\/p>\n\n\n\n<p>Ki\u015fisel verilerin aktar\u0131lmamas\u0131 ve a\u00e7\u0131klanmamas\u0131 \u00f6nceli\u011fimizdir. Bununla birlikte . aktar\u0131lmaktad\u0131r.<\/p>\n\n\n\n<p><strong>Ki\u015fisel Veri Toplaman\u0131n Y\u00f6ntemi ve Hukuki Sebebi:<\/strong><\/p>\n\n\n\n<p>Verileriniz ad\u0131 ge\u00e7en adreste yer alan ilgili alanlar\u0131 i\u015fleyerek g\u00f6nder butonuna t\u0131klaman\u0131zla birlikte web-adresi ara y\u00fcz\u00fcne y\u00fcklenmektedir.<\/p>\n\n\n\n<p>Verilerinizi i\u015flerken . hukuki sebebine dayan\u0131r\u0131z.<\/p>\n\n\n\n<p><strong>\u0130lgili Ki\u015finin Kanunun 11 \u0130nci Maddesinde Say\u0131lan Di\u011fer Haklar\u0131:<\/strong><\/p>\n\n\n\n<p>\u0130lgili ki\u015filerin 6698 Say\u0131l\u0131 Kanun\u2019da yer alan haklar\u0131n\u0131 yukar\u0131daki yaz\u0131\u015fma adresine ba\u015fvuruda bulunarak her zaman i\u015fletebilirler.<\/p>\n\n\n\n<p><\/p>\n","protected":false},"excerpt":{"rendered":"<p>Son G\u00fcncelleme: 23.11.2024 Veri Sorumlusu Kimli\u011fi: L\u0130NDEN HEALTH GROUP SA\u011eLIK TUR\u0130ZM L\u0130M\u0130TED \u015e\u0130RKET\u0130 TE\u015eV\u0130K\u0130YE MAH.HAKKI YETEN CAD.TERRACE FULYA CENTER 2 NO:13\/115 \u015e\u0130\u015eL\u0130 \u0130STANBUL \u0130\u015fbu ayd\u0131nlatma metni www.lindenclinics.com adresini ziyaret eden ve kullanan ilgili ki\u015filerin ki\u015fisel verilerini konu edinmektedir. Ki\u015fisel Verilerin&#8230;<\/p>\n","protected":false},"author":2,"featured_media":0,"parent":0,"menu_order":0,"comment_status":"closed","ping_status":"closed","template":"","meta":{"footnotes":""},"class_list":["post-28443","page","type-page","status-publish","hentry"],"_links":{"self":[{"href":"https:\/\/lindenclinics.com\/tr\/wp-json\/wp\/v2\/pages\/28443","targetHints":{"allow":["GET"]}}],"collection":[{"href":"https:\/\/lindenclinics.com\/tr\/wp-json\/wp\/v2\/pages"}],"about":[{"href":"https:\/\/lindenclinics.com\/tr\/wp-json\/wp\/v2\/types\/page"}],"author":[{"embeddable":true,"href":"https:\/\/lindenclinics.com\/tr\/wp-json\/wp\/v2\/users\/2"}],"replies":[{"embeddable":true,"href":"https:\/\/lindenclinics.com\/tr\/wp-json\/wp\/v2\/comments?post=28443"}],"version-history":[{"count":0,"href":"https:\/\/lindenclinics.com\/tr\/wp-json\/wp\/v2\/pages\/28443\/revisions"}],"wp:attachment":[{"href":"https:\/\/lindenclinics.com\/tr\/wp-json\/wp\/v2\/media?parent=28443"}],"curies":[{"name":"wp","href":"https:\/\/api.w.org\/{rel}","templated":true}]}}